{"id":9974,"date":"2023-04-18T17:27:26","date_gmt":"2023-04-18T15:27:26","guid":{"rendered":"https:\/\/shop.hotelpalacioico.com\/reserva-cancelada\/"},"modified":"2024-11-25T09:37:36","modified_gmt":"2024-11-25T08:37:36","slug":"reserva-cancelada","status":"publish","type":"page","link":"https:\/\/shopalmeria.thiushotels.com\/fr\/reserva-cancelada\/","title":{"rendered":"R\u00e9servation annul\u00e9e"},"content":{"rendered":"\n<p class=\"has-text-align-center has-text-align-center\"><strong>Votre r\u00e9servation a \u00e9t\u00e9 annul\u00e9e avec succ\u00e8s.<\/strong><\/p>\n\n\n\n<p><\/p>\n","protected":false},"excerpt":{"rendered":"<p>Votre r\u00e9servation a \u00e9t\u00e9 annul\u00e9e avec succ\u00e8s.<\/p>\n","protected":false},"author":1,"featured_media":0,"parent":0,"menu_order":0,"comment_status":"closed","ping_status":"closed","template":"","meta":{"inline_featured_image":false,"footnotes":""},"class_list":["post-9974","page","type-page","status-publish","hentry"],"yoast_head":"<!-- This site is optimized with the Yoast SEO plugin v26.6 - https:\/\/yoast.com\/wordpress\/plugins\/seo\/ -->\n<title>R\u00e9servation annul\u00e9e - Shop Hotel Palacio Ico - Tienda Oficial<\/title>\n<meta name=\"robots\" content=\"noindex, follow, max-snippet:-1, max-image-preview:large, max-video-preview:-1\" \/>\n<meta property=\"og:locale\" content=\"fr_FR\" \/>\n<meta property=\"og:type\" content=\"article\" \/>\n<meta property=\"og:title\" content=\"R\u00e9servation annul\u00e9e - Shop Hotel Palacio Ico - Tienda Oficial\" \/>\n<meta property=\"og:description\" content=\"Votre r\u00e9servation a \u00e9t\u00e9 annul\u00e9e avec succ\u00e8s.\" \/>\n<meta property=\"og:url\" content=\"https:\/\/shopalmeria.thiushotels.com\/fr\/reserva-cancelada\/\" \/>\n<meta property=\"og:site_name\" content=\"Shop Hotel Palacio Ico - Tienda Oficial\" \/>\n<meta property=\"article:modified_time\" content=\"2024-11-25T08:37:36+00:00\" \/>\n<meta name=\"twitter:card\" content=\"summary_large_image\" \/>\n<script type=\"application\/ld+json\" class=\"yoast-schema-graph\">{\"@context\":\"https:\/\/schema.org\",\"@graph\":[{\"@type\":\"WebPage\",\"@id\":\"https:\/\/shopalmeria.thiushotels.com\/fr\/reserva-cancelada\/\",\"url\":\"https:\/\/shopalmeria.thiushotels.com\/fr\/reserva-cancelada\/\",\"name\":\"R\u00e9servation annul\u00e9e - Shop Hotel Palacio Ico - Tienda Oficial\",\"isPartOf\":{\"@id\":\"https:\/\/shopalmeria.thiushotels.com\/fr\/#website\"},\"datePublished\":\"2023-04-18T15:27:26+00:00\",\"dateModified\":\"2024-11-25T08:37:36+00:00\",\"breadcrumb\":{\"@id\":\"https:\/\/shopalmeria.thiushotels.com\/fr\/reserva-cancelada\/#breadcrumb\"},\"inLanguage\":\"fr-FR\",\"potentialAction\":[{\"@type\":\"ReadAction\",\"target\":[\"https:\/\/shopalmeria.thiushotels.com\/fr\/reserva-cancelada\/\"]}]},{\"@type\":\"BreadcrumbList\",\"@id\":\"https:\/\/shopalmeria.thiushotels.com\/fr\/reserva-cancelada\/#breadcrumb\",\"itemListElement\":[{\"@type\":\"ListItem\",\"position\":1,\"name\":\"Home\",\"item\":\"https:\/\/shopalmeria.thiushotels.com\/fr\/\"},{\"@type\":\"ListItem\",\"position\":2,\"name\":\"R\u00e9servation annul\u00e9e\"}]},{\"@type\":\"WebSite\",\"@id\":\"https:\/\/shopalmeria.thiushotels.com\/fr\/#website\",\"url\":\"https:\/\/shopalmeria.thiushotels.com\/fr\/\",\"name\":\"Shop Hotel Palacio Ico - Tienda Oficial\",\"description\":\"Ofertas\",\"potentialAction\":[{\"@type\":\"SearchAction\",\"target\":{\"@type\":\"EntryPoint\",\"urlTemplate\":\"https:\/\/shopalmeria.thiushotels.com\/fr\/?s={search_term_string}\"},\"query-input\":{\"@type\":\"PropertyValueSpecification\",\"valueRequired\":true,\"valueName\":\"search_term_string\"}}],\"inLanguage\":\"fr-FR\"}]}<\/script>\n<!-- \/ Yoast SEO plugin. -->","yoast_head_json":{"title":"R\u00e9servation annul\u00e9e - Shop Hotel Palacio Ico - Tienda Oficial","robots":{"index":"noindex","follow":"follow","max-snippet":"max-snippet:-1","max-image-preview":"max-image-preview:large","max-video-preview":"max-video-preview:-1"},"og_locale":"fr_FR","og_type":"article","og_title":"R\u00e9servation annul\u00e9e - Shop Hotel Palacio Ico - Tienda Oficial","og_description":"Votre r\u00e9servation a \u00e9t\u00e9 annul\u00e9e avec succ\u00e8s.","og_url":"https:\/\/shopalmeria.thiushotels.com\/fr\/reserva-cancelada\/","og_site_name":"Shop Hotel Palacio Ico - Tienda Oficial","article_modified_time":"2024-11-25T08:37:36+00:00","twitter_card":"summary_large_image","schema":{"@context":"https:\/\/schema.org","@graph":[{"@type":"WebPage","@id":"https:\/\/shopalmeria.thiushotels.com\/fr\/reserva-cancelada\/","url":"https:\/\/shopalmeria.thiushotels.com\/fr\/reserva-cancelada\/","name":"R\u00e9servation annul\u00e9e - Shop Hotel Palacio Ico - Tienda Oficial","isPartOf":{"@id":"https:\/\/shopalmeria.thiushotels.com\/fr\/#website"},"datePublished":"2023-04-18T15:27:26+00:00","dateModified":"2024-11-25T08:37:36+00:00","breadcrumb":{"@id":"https:\/\/shopalmeria.thiushotels.com\/fr\/reserva-cancelada\/#breadcrumb"},"inLanguage":"fr-FR","potentialAction":[{"@type":"ReadAction","target":["https:\/\/shopalmeria.thiushotels.com\/fr\/reserva-cancelada\/"]}]},{"@type":"BreadcrumbList","@id":"https:\/\/shopalmeria.thiushotels.com\/fr\/reserva-cancelada\/#breadcrumb","itemListElement":[{"@type":"ListItem","position":1,"name":"Home","item":"https:\/\/shopalmeria.thiushotels.com\/fr\/"},{"@type":"ListItem","position":2,"name":"R\u00e9servation annul\u00e9e"}]},{"@type":"WebSite","@id":"https:\/\/shopalmeria.thiushotels.com\/fr\/#website","url":"https:\/\/shopalmeria.thiushotels.com\/fr\/","name":"Shop Hotel Palacio Ico - Tienda Oficial","description":"Ofertas","potentialAction":[{"@type":"SearchAction","target":{"@type":"EntryPoint","urlTemplate":"https:\/\/shopalmeria.thiushotels.com\/fr\/?s={search_term_string}"},"query-input":{"@type":"PropertyValueSpecification","valueRequired":true,"valueName":"search_term_string"}}],"inLanguage":"fr-FR"}]}},"_links":{"self":[{"href":"https:\/\/shopalmeria.thiushotels.com\/fr\/wp-json\/wp\/v2\/pages\/9974","targetHints":{"allow":["GET"]}}],"collection":[{"href":"https:\/\/shopalmeria.thiushotels.com\/fr\/wp-json\/wp\/v2\/pages"}],"about":[{"href":"https:\/\/shopalmeria.thiushotels.com\/fr\/wp-json\/wp\/v2\/types\/page"}],"author":[{"embeddable":true,"href":"https:\/\/shopalmeria.thiushotels.com\/fr\/wp-json\/wp\/v2\/users\/1"}],"replies":[{"embeddable":true,"href":"https:\/\/shopalmeria.thiushotels.com\/fr\/wp-json\/wp\/v2\/comments?post=9974"}],"version-history":[{"count":1,"href":"https:\/\/shopalmeria.thiushotels.com\/fr\/wp-json\/wp\/v2\/pages\/9974\/revisions"}],"predecessor-version":[{"id":9975,"href":"https:\/\/shopalmeria.thiushotels.com\/fr\/wp-json\/wp\/v2\/pages\/9974\/revisions\/9975"}],"wp:attachment":[{"href":"https:\/\/shopalmeria.thiushotels.com\/fr\/wp-json\/wp\/v2\/media?parent=9974"}],"curies":[{"name":"wp","href":"https:\/\/api.w.org\/{rel}","templated":true}]}}