{"id":9962,"date":"2023-04-25T15:40:49","date_gmt":"2023-04-25T13:40:49","guid":{"rendered":"https:\/\/shop.hotelpalacioico.com\/reserva-no-cancelable\/"},"modified":"2024-11-25T09:19:52","modified_gmt":"2024-11-25T08:19:52","slug":"reserva-no-cancelable","status":"publish","type":"page","link":"https:\/\/shopalmeria.thiushotels.com\/fr\/reserva-no-cancelable\/","title":{"rendered":"No puede cancelar su reserva"},"content":{"rendered":"<p style=\"text-align: center;\"><strong>Votre r\u00e9servation ne peut pas \u00eatre annul\u00e9e car le d\u00e9lai minimum d&rsquo;annulation a \u00e9t\u00e9 d\u00e9pass\u00e9.<\/strong><\/p>\n","protected":false},"excerpt":{"rendered":"<p>Votre r\u00e9servation ne peut pas \u00eatre annul\u00e9e car le d\u00e9lai minimum d&rsquo;annulation a \u00e9t\u00e9 d\u00e9pass\u00e9.<\/p>\n","protected":false},"author":1,"featured_media":0,"parent":0,"menu_order":0,"comment_status":"closed","ping_status":"closed","template":"","meta":{"inline_featured_image":false,"footnotes":""},"class_list":["post-9962","page","type-page","status-publish","hentry"],"yoast_head":"<!-- This site is optimized with the Yoast SEO plugin v26.6 - https:\/\/yoast.com\/wordpress\/plugins\/seo\/ -->\n<title>No puede cancelar su reserva - Shop Hotel Palacio Ico - Tienda Oficial<\/title>\n<meta name=\"robots\" content=\"noindex, follow, max-snippet:-1, max-image-preview:large, max-video-preview:-1\" \/>\n<meta property=\"og:locale\" content=\"fr_FR\" \/>\n<meta property=\"og:type\" content=\"article\" \/>\n<meta property=\"og:title\" content=\"No puede cancelar su reserva - Shop Hotel Palacio Ico - Tienda Oficial\" \/>\n<meta property=\"og:description\" content=\"Votre r\u00e9servation ne peut pas \u00eatre annul\u00e9e car le d\u00e9lai minimum d&rsquo;annulation a \u00e9t\u00e9 d\u00e9pass\u00e9.\" \/>\n<meta property=\"og:url\" content=\"https:\/\/shopalmeria.thiushotels.com\/fr\/reserva-no-cancelable\/\" \/>\n<meta property=\"og:site_name\" content=\"Shop Hotel Palacio Ico - Tienda Oficial\" \/>\n<meta property=\"article:modified_time\" content=\"2024-11-25T08:19:52+00:00\" \/>\n<meta name=\"twitter:card\" content=\"summary_large_image\" \/>\n<script type=\"application\/ld+json\" class=\"yoast-schema-graph\">{\"@context\":\"https:\/\/schema.org\",\"@graph\":[{\"@type\":\"WebPage\",\"@id\":\"https:\/\/shopalmeria.thiushotels.com\/fr\/reserva-no-cancelable\/\",\"url\":\"https:\/\/shopalmeria.thiushotels.com\/fr\/reserva-no-cancelable\/\",\"name\":\"No puede cancelar su reserva - Shop Hotel Palacio Ico - Tienda Oficial\",\"isPartOf\":{\"@id\":\"https:\/\/shopalmeria.thiushotels.com\/fr\/#website\"},\"datePublished\":\"2023-04-25T13:40:49+00:00\",\"dateModified\":\"2024-11-25T08:19:52+00:00\",\"breadcrumb\":{\"@id\":\"https:\/\/shopalmeria.thiushotels.com\/fr\/reserva-no-cancelable\/#breadcrumb\"},\"inLanguage\":\"fr-FR\",\"potentialAction\":[{\"@type\":\"ReadAction\",\"target\":[\"https:\/\/shopalmeria.thiushotels.com\/fr\/reserva-no-cancelable\/\"]}]},{\"@type\":\"BreadcrumbList\",\"@id\":\"https:\/\/shopalmeria.thiushotels.com\/fr\/reserva-no-cancelable\/#breadcrumb\",\"itemListElement\":[{\"@type\":\"ListItem\",\"position\":1,\"name\":\"Home\",\"item\":\"https:\/\/shopalmeria.thiushotels.com\/fr\/\"},{\"@type\":\"ListItem\",\"position\":2,\"name\":\"No puede cancelar su reserva\"}]},{\"@type\":\"WebSite\",\"@id\":\"https:\/\/shopalmeria.thiushotels.com\/fr\/#website\",\"url\":\"https:\/\/shopalmeria.thiushotels.com\/fr\/\",\"name\":\"Shop Hotel Palacio Ico - Tienda Oficial\",\"description\":\"Ofertas\",\"potentialAction\":[{\"@type\":\"SearchAction\",\"target\":{\"@type\":\"EntryPoint\",\"urlTemplate\":\"https:\/\/shopalmeria.thiushotels.com\/fr\/?s={search_term_string}\"},\"query-input\":{\"@type\":\"PropertyValueSpecification\",\"valueRequired\":true,\"valueName\":\"search_term_string\"}}],\"inLanguage\":\"fr-FR\"}]}<\/script>\n<!-- \/ Yoast SEO plugin. -->","yoast_head_json":{"title":"No puede cancelar su reserva - Shop Hotel Palacio Ico - Tienda Oficial","robots":{"index":"noindex","follow":"follow","max-snippet":"max-snippet:-1","max-image-preview":"max-image-preview:large","max-video-preview":"max-video-preview:-1"},"og_locale":"fr_FR","og_type":"article","og_title":"No puede cancelar su reserva - Shop Hotel Palacio Ico - Tienda Oficial","og_description":"Votre r\u00e9servation ne peut pas \u00eatre annul\u00e9e car le d\u00e9lai minimum d&rsquo;annulation a \u00e9t\u00e9 d\u00e9pass\u00e9.","og_url":"https:\/\/shopalmeria.thiushotels.com\/fr\/reserva-no-cancelable\/","og_site_name":"Shop Hotel Palacio Ico - Tienda Oficial","article_modified_time":"2024-11-25T08:19:52+00:00","twitter_card":"summary_large_image","schema":{"@context":"https:\/\/schema.org","@graph":[{"@type":"WebPage","@id":"https:\/\/shopalmeria.thiushotels.com\/fr\/reserva-no-cancelable\/","url":"https:\/\/shopalmeria.thiushotels.com\/fr\/reserva-no-cancelable\/","name":"No puede cancelar su reserva - Shop Hotel Palacio Ico - Tienda Oficial","isPartOf":{"@id":"https:\/\/shopalmeria.thiushotels.com\/fr\/#website"},"datePublished":"2023-04-25T13:40:49+00:00","dateModified":"2024-11-25T08:19:52+00:00","breadcrumb":{"@id":"https:\/\/shopalmeria.thiushotels.com\/fr\/reserva-no-cancelable\/#breadcrumb"},"inLanguage":"fr-FR","potentialAction":[{"@type":"ReadAction","target":["https:\/\/shopalmeria.thiushotels.com\/fr\/reserva-no-cancelable\/"]}]},{"@type":"BreadcrumbList","@id":"https:\/\/shopalmeria.thiushotels.com\/fr\/reserva-no-cancelable\/#breadcrumb","itemListElement":[{"@type":"ListItem","position":1,"name":"Home","item":"https:\/\/shopalmeria.thiushotels.com\/fr\/"},{"@type":"ListItem","position":2,"name":"No puede cancelar su reserva"}]},{"@type":"WebSite","@id":"https:\/\/shopalmeria.thiushotels.com\/fr\/#website","url":"https:\/\/shopalmeria.thiushotels.com\/fr\/","name":"Shop Hotel Palacio Ico - Tienda Oficial","description":"Ofertas","potentialAction":[{"@type":"SearchAction","target":{"@type":"EntryPoint","urlTemplate":"https:\/\/shopalmeria.thiushotels.com\/fr\/?s={search_term_string}"},"query-input":{"@type":"PropertyValueSpecification","valueRequired":true,"valueName":"search_term_string"}}],"inLanguage":"fr-FR"}]}},"_links":{"self":[{"href":"https:\/\/shopalmeria.thiushotels.com\/fr\/wp-json\/wp\/v2\/pages\/9962","targetHints":{"allow":["GET"]}}],"collection":[{"href":"https:\/\/shopalmeria.thiushotels.com\/fr\/wp-json\/wp\/v2\/pages"}],"about":[{"href":"https:\/\/shopalmeria.thiushotels.com\/fr\/wp-json\/wp\/v2\/types\/page"}],"author":[{"embeddable":true,"href":"https:\/\/shopalmeria.thiushotels.com\/fr\/wp-json\/wp\/v2\/users\/1"}],"replies":[{"embeddable":true,"href":"https:\/\/shopalmeria.thiushotels.com\/fr\/wp-json\/wp\/v2\/comments?post=9962"}],"version-history":[{"count":2,"href":"https:\/\/shopalmeria.thiushotels.com\/fr\/wp-json\/wp\/v2\/pages\/9962\/revisions"}],"predecessor-version":[{"id":9965,"href":"https:\/\/shopalmeria.thiushotels.com\/fr\/wp-json\/wp\/v2\/pages\/9962\/revisions\/9965"}],"wp:attachment":[{"href":"https:\/\/shopalmeria.thiushotels.com\/fr\/wp-json\/wp\/v2\/media?parent=9962"}],"curies":[{"name":"wp","href":"https:\/\/api.w.org\/{rel}","templated":true}]}}